{"id":17,"date":"2022-04-01T08:27:05","date_gmt":"2022-04-01T06:27:05","guid":{"rendered":"https:\/\/httsa.com\/?page_id=17"},"modified":"2022-06-20T07:39:15","modified_gmt":"2022-06-20T05:39:15","slug":"a-notre-propos","status":"publish","type":"page","link":"https:\/\/httsa.com\/fr\/a-notre-propos\/","title":{"rendered":"A notre propos"},"content":{"rendered":"<div class=\"vce-row-container\"><div class=\"vce-row vce-element--has-background vce-row--col-gap-0 bannerinside vce-row-no-paddings vce-row-equal-height vce-row-content--middle\" data-vce-full-width=\"true\" data-vce-stretch-content=\"true\" id=\"el-0da3fa78\" data-vce-do-apply=\"all el-0da3fa78\"><div class=\"vce-content-background-container\"><div class=\"vce-asset-background-simple-container vce-visible-all-only vce-asset-background-simple--style-cover vce-asset-background-simple--position-center-top\"><div class=\"vce-asset-background-simple\">\n              <div class=\"vce-asset-background-simple-item vcv-lozad\" data-background-image=\"https:\/\/httsa.com\/wp-content\/uploads\/2022\/04\/banner.png\"><\/div>\n              <noscript>\n                <div class=\"vce-asset-background-simple-item\" style=\"background-image: url(https:\/\/httsa.com\/wp-content\/uploads\/2022\/04\/banner.png)\"><\/div>\n              <\/noscript>\n            <\/div><\/div><\/div><div class=\"vce-row-content\" data-vce-element-content=\"true\"><div class=\"vce-col vce-col--md-10p vce-col--xs-1 vce-col--xs-last vce-col--xs-first vce-col--sm-last vce-col--sm-first vce-col--md-first vce-col--lg-first vce-col--xl-first bg-grey \" id=\"el-1a9b6ad8\"><div class=\"vce-col-inner\" data-vce-do-apply=\"border margin background  el-1a9b6ad8\"><div class=\"vce-col-content\" data-vce-element-content=\"true\" data-vce-do-apply=\"padding el-1a9b6ad8\"><div class=\"vce-raw-html aside\"><div class=\"vce-raw-html-wrapper\" id=\"el-7aca482c\" data-vce-do-apply=\"all el-7aca482c\">\n\t\t\t\t<div class=\"followtitle\">\n\t\n\t\t\t\t<\/div>\n\n<\/div><\/div><\/div><\/div><\/div><div class=\"vce-col vce-col--md-90p vce-col--xs-1 vce-col--xs-last vce-col--xs-first vce-col--sm-last vce-col--sm-first vce-col--md-last vce-col--lg-last vce-col--xl-last\" id=\"el-08c65e28\"><div class=\"vce-col-inner\" data-vce-do-apply=\"border margin background  el-08c65e28\"><div class=\"vce-col-content\" data-vce-element-content=\"true\" data-vce-do-apply=\"padding el-08c65e28\"><div><\/div><\/div><\/div><\/div><\/div><\/div><\/div><div class=\"vce-row-container\"><div class=\"vce-row vce-row--col-gap-30 bg-grey pt-80 vce-row-equal-height vce-row-content--top\" data-vce-full-width=\"true\" id=\"el-78e7a83e\" data-vce-do-apply=\"all el-78e7a83e\"><div class=\"vce-row-content\" data-vce-element-content=\"true\"><div class=\"vce-col vce-col--md-auto vce-col--xs-1 vce-col--xs-last vce-col--xs-first vce-col--sm-last vce-col--sm-first vce-col--md-last vce-col--lg-last vce-col--xl-last vce-col--md-first vce-col--lg-first vce-col--xl-first\" id=\"el-13f9642b\"><div class=\"vce-col-inner\" data-vce-do-apply=\"border margin background  el-13f9642b\"><div class=\"vce-col-content\" data-vce-element-content=\"true\" data-vce-do-apply=\"padding el-13f9642b\"><div class=\"vce-raw-html\"><div class=\"vce-raw-html-wrapper\" id=\"el-3f20dced\" data-vce-do-apply=\"all el-3f20dced\"><div class=\"titleinside\">\n<h1>A propos<\/h1>\n<div class=\"aftertitle\">High tesla<\/div>\n<\/div><\/div><\/div><\/div><\/div><\/div><\/div><\/div><\/div><div class=\"vce-row-container\"><div class=\"vce-row vce-row--col-gap-30 bg-grey vce-row-equal-height vce-row-content--top\" data-vce-full-width=\"true\" id=\"el-c2093cc2\" data-vce-do-apply=\"all el-c2093cc2\"><div class=\"vce-row-content\" data-vce-element-content=\"true\"><div class=\"vce-col vce-col--md-66-66p vce-col--xs-1 vce-col--xs-last vce-col--xs-first vce-col--sm-last vce-col--sm-first vce-col--md-first vce-col--lg-first vce-col--xl-first\" id=\"el-4831e458\"><div class=\"vce-col-inner\" data-vce-do-apply=\"border margin background  el-4831e458\"><div class=\"vce-col-content\" data-vce-element-content=\"true\" data-vce-do-apply=\"padding el-4831e458\"><div class=\"vce-text-block\"><div class=\"vce-text-block-wrapper vce\" id=\"el-9251d07d\" data-vce-do-apply=\"all el-9251d07d\"><p><strong>High Tesla Technologies SA (HTT) a \u00e9t\u00e9 cr\u00e9\u00e9 en 2012 sous le nom de Clean Cooling Systems SA (CCS).<\/strong><\/p><br><p style=\"text-align:justify\">Le but \u00e9tait de d\u00e9velopper des syst\u00e8mes de r\u00e9frig\u00e9ration magn\u00e9tiques. Cette technologie verte, sans gaz \u00e0 effet de serre, &nbsp;devrait permettre de r\u00e9duire la consommation d\u2019\u00e9nergie de la r\u00e9frig\u00e9ration d\u2019environ 30%. Elle est principalement bas\u00e9e sur de puissants circuits magn\u00e9tiques, des mat\u00e9riaux magn\u00e9tocaloriques r\u00e9agissant thermiquement aux variations d\u2019un champ magn\u00e9tique et un transfert de chaleur efficace et rapide.<\/p><br><p style=\"text-align:justify\">Aujourd\u2019hui, suite \u00e0 ses longues ann\u00e9es de recherches et de d\u00e9veloppements et gr\u00e2ce \u00e0 ses exp\u00e9riences pratiques, HTT se diversifie et a la capacit\u00e9 de simuler, avec pr\u00e9cision, des circuits magn\u00e9tiques puissants fonctionnant sans consommation d\u2019\u00e9nergie. Ces simulations nous permettent de r\u00e9duire de mani\u00e8re significative le temps et le co\u00fbt de d\u00e9veloppement, de nouveaux aimants et circuits magn\u00e9tiques sur mesure. Ils sont suffisamment pr\u00e9cis et stables, au point que METAS, l\u2019office f\u00e9d\u00e9ral suisse de m\u00e9trologie, les a choisis pour certifier les montres de tr\u00e8s haute qualit\u00e9, r\u00e9sistant aux champs magn\u00e9tiques de 15'000 Gauss. Nos puissants aimants sont autant utilis\u00e9s dans des laboratoires que dans des lignes de production de masse, notamment pour des tests de r\u00e9sistance magn\u00e9tique \u00e0 des forts champs.<\/p><br><p>&nbsp;<\/p><\/div><\/div><\/div><\/div><\/div><div class=\"vce-col vce-col--md-33-34p vce-col--xs-1 vce-col--xs-last vce-col--xs-first vce-col--sm-last vce-col--sm-first vce-col--md-last vce-col--lg-last vce-col--xl-last\" id=\"el-e367c0e4\"><div class=\"vce-col-inner\" data-vce-do-apply=\"border margin background  el-e367c0e4\"><div class=\"vce-col-content\" data-vce-element-content=\"true\" data-vce-do-apply=\"padding el-e367c0e4\"><div class=\"vce-single-image-container vce-single-image--align-left\"><div class=\"vce vce-single-image-wrapper\" id=\"el-0a6ed8e6\" data-vce-do-apply=\"all el-0a6ed8e6\"><figure><div class=\"vce-single-image-figure-inner\" style=\"width: 1000px;\"><div class=\"vce-single-image-inner vce-single-image--absolute\" style=\"width: 100%; padding-bottom: 66.7%;\"><img loading=\"lazy\" decoding=\"async\" class=\"vce-single-image\"  width=\"1000\" height=\"667\" srcset=\"https:\/\/httsa.com\/wp-content\/uploads\/2022\/06\/AdobeStock_140940864-320x213.jpeg 320w,https:\/\/httsa.com\/wp-content\/uploads\/2022\/06\/AdobeStock_140940864-480x320.jpeg 480w,https:\/\/httsa.com\/wp-content\/uploads\/2022\/06\/AdobeStock_140940864-800x534.jpeg 800w,https:\/\/httsa.com\/wp-content\/uploads\/2022\/06\/AdobeStock_140940864-1000x667.jpeg 1000w\" src=\"https:\/\/httsa.com\/wp-content\/uploads\/2022\/06\/AdobeStock_140940864-1000x667.jpeg\" data-img-src=\"https:\/\/httsa.com\/wp-content\/uploads\/2022\/04\/AdobeStock_140940864.jpeg\" alt=\"\" title=\"Red and blue horseshoe magnet or physics magnetic with iron powd\" \/><\/div><\/div><figcaption hidden=\"\"><\/figcaption><\/figure><\/div><\/div><\/div><\/div><\/div><\/div><\/div><\/div><div class=\"vce-row-container\" data-vce-boxed-width=\"true\"><div class=\"vce-row vce-row--col-gap-30  mt-80  mb-80 vce-row-equal-height vce-row-content--top\" id=\"el-3b1e8722\" data-vce-do-apply=\"all el-3b1e8722\"><div class=\"vce-row-content\" data-vce-element-content=\"true\"><div class=\"vce-col vce-col--md-auto vce-col--xs-1 vce-col--xs-last vce-col--xs-first vce-col--sm-last vce-col--sm-first vce-col--md-last vce-col--lg-last vce-col--xl-last vce-col--md-first vce-col--lg-first vce-col--xl-first\" id=\"el-8e124451\"><div class=\"vce-col-inner\" data-vce-do-apply=\"border margin background  el-8e124451\"><div class=\"vce-col-content\" data-vce-element-content=\"true\" data-vce-do-apply=\"padding el-8e124451\"><div class=\"vce-text-block\"><div class=\"vce-text-block-wrapper vce\" id=\"el-d093abdc\" data-vce-do-apply=\"all el-d093abdc\"><h4 style=\"text-align: center;\">\"...r\u00e9sistant aux champs magn\u00e9tiques de 15'000 Gauss\"<\/h4><\/div><\/div><\/div><\/div><\/div><\/div><\/div><\/div><div class=\"vce-row-container\" data-vce-boxed-width=\"true\"><div class=\"vce-row vce-row--col-gap-30 vce-row-equal-height vce-row-content--top\" id=\"el-ad19c323\" data-vce-do-apply=\"all el-ad19c323\"><div class=\"vce-row-content\" data-vce-element-content=\"true\"><div class=\"vce-col vce-col--md-auto vce-col--xs-1 vce-col--xs-last vce-col--xs-first vce-col--sm-last vce-col--sm-first vce-col--md-last vce-col--lg-last vce-col--xl-last vce-col--md-first vce-col--lg-first vce-col--xl-first\" id=\"el-7b55866d\"><div class=\"vce-col-inner\" data-vce-do-apply=\"border margin background  el-7b55866d\"><div class=\"vce-col-content\" data-vce-element-content=\"true\" data-vce-do-apply=\"padding el-7b55866d\"><div><\/div><\/div><\/div><\/div><\/div><\/div><\/div>","protected":false},"excerpt":{"rendered":"","protected":false},"author":1,"featured_media":0,"parent":0,"menu_order":0,"comment_status":"closed","ping_status":"closed","template":"","meta":{"footnotes":""},"class_list":["post-17","page","type-page","status-publish","hentry"],"_links":{"self":[{"href":"https:\/\/httsa.com\/fr\/wp-json\/wp\/v2\/pages\/17","targetHints":{"allow":["GET"]}}],"collection":[{"href":"https:\/\/httsa.com\/fr\/wp-json\/wp\/v2\/pages"}],"about":[{"href":"https:\/\/httsa.com\/fr\/wp-json\/wp\/v2\/types\/page"}],"author":[{"embeddable":true,"href":"https:\/\/httsa.com\/fr\/wp-json\/wp\/v2\/users\/1"}],"replies":[{"embeddable":true,"href":"https:\/\/httsa.com\/fr\/wp-json\/wp\/v2\/comments?post=17"}],"version-history":[{"count":21,"href":"https:\/\/httsa.com\/fr\/wp-json\/wp\/v2\/pages\/17\/revisions"}],"predecessor-version":[{"id":370,"href":"https:\/\/httsa.com\/fr\/wp-json\/wp\/v2\/pages\/17\/revisions\/370"}],"wp:attachment":[{"href":"https:\/\/httsa.com\/fr\/wp-json\/wp\/v2\/media?parent=17"}],"curies":[{"name":"wp","href":"https:\/\/api.w.org\/{rel}","templated":true}]}}