{"id":8,"date":"2022-04-01T08:22:23","date_gmt":"2022-04-01T06:22:23","guid":{"rendered":"https:\/\/httsa.com\/?page_id=8"},"modified":"2023-01-16T17:09:27","modified_gmt":"2023-01-16T16:09:27","slug":"accueil","status":"publish","type":"page","link":"https:\/\/httsa.com\/fr\/","title":{"rendered":"Accueil"},"content":{"rendered":"<div class=\"vce-row-container\"><div class=\"vce-row vce-element--has-background vce-row--col-gap-0 banner vce-row-no-paddings vce-row-full-height vce-row-columns--stretch vce-row-content--top\" data-vce-full-width=\"true\" data-vce-stretch-content=\"true\" id=\"el-a56378f3\" data-vce-do-apply=\"all el-a56378f3\"><div class=\"vce-content-background-container\"><div class=\"vce-asset-background-simple-container vce-visible-all-only vce-asset-background-simple--style-cover vce-asset-background-simple--position-center-top\"><div class=\"vce-asset-background-simple\">\n              <div class=\"vce-asset-background-simple-item vcv-lozad\" data-background-image=\"https:\/\/httsa.com\/wp-content\/uploads\/2022\/04\/banner.png\"><\/div>\n              <noscript>\n                <div class=\"vce-asset-background-simple-item\" style=\"background-image: url(https:\/\/httsa.com\/wp-content\/uploads\/2022\/04\/banner.png)\"><\/div>\n              <\/noscript>\n            <\/div><\/div><\/div><div class=\"vce-row-content\" data-vce-element-content=\"true\"><div class=\"vce-col vce-col--md-10p vce-col--xs-1 vce-col--xs-last vce-col--xs-first vce-col--sm-last vce-col--sm-first vce-col--md-first vce-col--lg-first vce-col--xl-first bg-grey \" id=\"el-f421eb74\"><div class=\"vce-col-inner\" data-vce-do-apply=\"border margin background  el-f421eb74\"><div class=\"vce-col-content\" data-vce-element-content=\"true\" data-vce-do-apply=\"padding el-f421eb74\"><div class=\"vce-raw-html aside\"><div class=\"vce-raw-html-wrapper\" id=\"el-f5460d3d\" data-vce-do-apply=\"all el-f5460d3d\">\n\t\t\t\t<div class=\"followtitle\">\n\t\t\t\n\n\t\t\t\t<\/div>\n\n<\/div><\/div><\/div><\/div><\/div><div class=\"vce-col vce-col--md-90p vce-col--xs-1 vce-col--xs-last vce-col--xs-first vce-col--sm-last vce-col--sm-first vce-col--md-last vce-col--lg-last vce-col--xl-last\" id=\"el-c79e5ada\"><div class=\"vce-col-inner\" data-vce-do-apply=\"border margin background  el-c79e5ada\"><div class=\"vce-col-content\" data-vce-element-content=\"true\" data-vce-do-apply=\"padding el-c79e5ada\"><div class=\"vce-text-block content_banner\"><div class=\"vce-text-block-wrapper vce\" id=\"el-ccc2c6ae\" data-vce-do-apply=\"all el-ccc2c6ae\"><h1>HIGH TESLA TECHNOLOGIES SA<\/h1>\n<p>Fournisseur d\u2019aimants et circuits magn\u00e9tiques puissants<br>atteignant plusieurs Tesla dans d\u2019\u00e9normes zones d\u2019induction<br>fonctionnant sans consommation d\u2019\u00e9nergie<\/p>\n<p><a href=\"https:\/\/httsa.com\/a-notre-propos\/\">En savoir plus<\/a><\/p>\n<p>&nbsp;<\/p><\/div><\/div><\/div><\/div><\/div><\/div><\/div><\/div><div class=\"vce-row-container\" data-vce-boxed-width=\"true\"><div class=\"vce-row vce-row--col-gap-30 about_home mt-80 vce-row-equal-height vce-row-content--top\" id=\"el-4771fde4\" data-vce-do-apply=\"all el-4771fde4\"><div class=\"vce-row-content\" data-vce-element-content=\"true\"><div class=\"vce-col vce-col--md-auto vce-col--xs-1 vce-col--xs-last vce-col--xs-first vce-col--sm-last vce-col--sm-first vce-col--md-last vce-col--lg-last vce-col--xl-last vce-col--md-first vce-col--lg-first vce-col--xl-first\" id=\"el-a1629c07\"><div class=\"vce-col-inner\" data-vce-do-apply=\"border margin background  el-a1629c07\"><div class=\"vce-col-content\" data-vce-element-content=\"true\" data-vce-do-apply=\"padding el-a1629c07\"><div class=\"vce-text-block\"><div class=\"vce-text-block-wrapper vce\" id=\"el-14105156\" data-vce-do-apply=\"all el-14105156\"><h2 style=\"text-align: center;\">A propos High Tesla<\/h2><\/div><\/div><\/div><\/div><\/div><\/div><\/div><\/div><div class=\"vce-row-container\"><div class=\"vce-row vce-row--col-gap-30 mt-80 mb-80 vce-row-equal-height vce-row-content--top\" data-vce-full-width=\"true\" id=\"el-602a594b\" data-vce-do-apply=\"all el-602a594b\"><div class=\"vce-row-content\" data-vce-element-content=\"true\"><div class=\"vce-col vce-col--md-66-66p vce-col--xs-1 vce-col--xs-last vce-col--xs-first vce-col--sm-last vce-col--sm-first vce-col--md-first vce-col--lg-first vce-col--xl-first\" id=\"el-4d3a3ff0\"><div class=\"vce-col-inner\" data-vce-do-apply=\"border margin background  el-4d3a3ff0\"><div class=\"vce-col-content\" data-vce-element-content=\"true\" data-vce-do-apply=\"padding el-4d3a3ff0\"><div class=\"vce-text-block\"><div class=\"vce-text-block-wrapper vce\" id=\"el-2a1e8c4b\" data-vce-do-apply=\"all el-2a1e8c4b\"><p><strong>High Tesla Technologies SA a \u00e9t\u00e9 cr\u00e9\u00e9 en 2012 sous le nom de Clean Cooling Systems SA.<\/strong><\/p>\n<p style=\"text-align: justify;\">Le but \u00e9tait de d\u00e9velopper des syst\u00e8mes de r\u00e9frig\u00e9ration magn\u00e9tique. Cette technologie verte, sans gaz, \u00e0 effet de serre, &nbsp;devrait permettre de r\u00e9duire la consommation d\u2019\u00e9nergie de la r\u00e9frig\u00e9ration d\u2019environ 30%. Elle est principalement bas\u00e9e sur de puissants circuits magn\u00e9tiques, des mat\u00e9riaux magn\u00e9tocaloriques r\u00e9agissant thermiquement aux variations d\u2019un champ magn\u00e9tique et un transfert de chaleur efficace et rapide.<\/p><\/div><\/div><\/div><\/div><\/div><div class=\"vce-col vce-col--md-33-34p vce-col--xs-1 vce-col--xs-last vce-col--xs-first vce-col--sm-last vce-col--sm-first vce-col--md-last vce-col--lg-last vce-col--xl-last\" id=\"el-69ed812f\"><div class=\"vce-col-inner\" data-vce-do-apply=\"border margin background  el-69ed812f\"><div class=\"vce-col-content\" data-vce-element-content=\"true\" data-vce-do-apply=\"padding el-69ed812f\"><div class=\"vce-single-image-container vce-single-image--align-left\"><div class=\"vce vce-single-image-wrapper\" id=\"el-ad30e2d6\" data-vce-do-apply=\"all el-ad30e2d6\"><figure><div class=\"vce-single-image-figure-inner\" style=\"width: 1000px;\"><div class=\"vce-single-image-inner vce-single-image--absolute\" style=\"width: 100%; padding-bottom: 66.7%;\"><img loading=\"lazy\" decoding=\"async\" class=\"vce-single-image\"  width=\"1000\" height=\"667\" srcset=\"https:\/\/httsa.com\/wp-content\/uploads\/2023\/01\/AdobeStock_140940864-320x213.jpeg 320w,https:\/\/httsa.com\/wp-content\/uploads\/2023\/01\/AdobeStock_140940864-480x320.jpeg 480w,https:\/\/httsa.com\/wp-content\/uploads\/2023\/01\/AdobeStock_140940864-800x534.jpeg 800w,https:\/\/httsa.com\/wp-content\/uploads\/2023\/01\/AdobeStock_140940864-1000x667.jpeg 1000w\" src=\"https:\/\/httsa.com\/wp-content\/uploads\/2023\/01\/AdobeStock_140940864-1000x667.jpeg\" data-img-src=\"https:\/\/httsa.com\/wp-content\/uploads\/2022\/04\/AdobeStock_140940864.jpeg\" alt=\"\" title=\"Red and blue horseshoe magnet or physics magnetic with iron powd\" \/><\/div><\/div><figcaption hidden=\"\"><\/figcaption><\/figure><\/div><\/div><\/div><\/div><\/div><\/div><\/div><\/div><div class=\"vce-row-container\"><div class=\"vce-row vce-row--col-gap-30 product_home vce-row-equal-height vce-row-content--top\" data-vce-full-width=\"true\" data-vce-stretch-content=\"true\" id=\"el-1e0a5cc2\" data-vce-do-apply=\"all el-1e0a5cc2\"><div class=\"vce-row-content\" data-vce-element-content=\"true\"><div class=\"vce-col vce-col--md-auto vce-col--xs-1 vce-col--xs-last vce-col--xs-first vce-col--sm-last vce-col--sm-first vce-col--md-last vce-col--lg-last vce-col--xl-last vce-col--md-first vce-col--lg-first vce-col--xl-first\" id=\"el-e66fbd5b\"><div class=\"vce-col-inner\" data-vce-do-apply=\"border margin background  el-e66fbd5b\"><div class=\"vce-col-content\" data-vce-element-content=\"true\" data-vce-do-apply=\"padding el-e66fbd5b\"><div class=\"vce-text-block\"><div class=\"vce-text-block-wrapper vce\" id=\"el-e95d66af\" data-vce-do-apply=\"all el-e95d66af\"><h2 style=\"text-align: center;\">Produits <span>High tesla<\/span><\/h2><\/div><\/div><\/div><\/div><\/div><\/div><\/div><\/div><div class=\"vce-row-container\"><div class=\"vce-row vce-row--col-gap-0 vce-row-no-paddings vce-row-equal-height vce-row-content--top\" data-vce-full-width=\"true\" data-vce-stretch-content=\"true\" id=\"el-dee9094b\" data-vce-do-apply=\"all el-dee9094b\"><div class=\"vce-row-content\" data-vce-element-content=\"true\"><div class=\"vce-col vce-col--md-auto vce-col--xs-1 vce-col--xs-last vce-col--xs-first vce-col--sm-last vce-col--sm-first vce-col--md-last vce-col--lg-last vce-col--xl-last vce-col--md-first vce-col--lg-first vce-col--xl-first\" id=\"el-5e4e53b5\"><div class=\"vce-col-inner\" data-vce-do-apply=\"border margin background  el-5e4e53b5\"><div class=\"vce-col-content\" data-vce-element-content=\"true\" data-vce-do-apply=\"padding el-5e4e53b5\"><div class=\"vce-posts-grid-container vce-post-grid-with-box-container\"><div class=\"vce vce-posts-grid-wrapper vce-posts-grid--gap-0 vce-posts-grid--columns-3 vce-posts-grid-pagination--color-E0BAA0--e2e2e2\" id=\"el-5f5b3f28\" data-vce-do-apply=\"all el-5f5b3f28\"><div class=\"vce-posts-grid-list\"><div class=\"vce-posts-grid-item\"><div class=\"vce-post-description vce-post-description--full vce-post-description--excerpt-color-b-255-255-255 vce-post-grid-with-box-aspect-ratio--3-4\"><div class=\"vce-post-grid-with-box--content\" style=\"background-image:url(https:\/\/httsa.com\/wp-content\/uploads\/2023\/02\/source.jpg)\"><a href=\"https:\/\/httsa.com\/fr\/technologies\/high-tesla-sources-and-magnets\/\" class=\"vce-post-grid-with-box--link\" aria-label=\"High Tesla Sources and Magnets\"><\/a><div class=\"vce-post-grid-with-box\"><div class=\"vce-post-grid-with-box-description vce-post-description--background-color-ba-46-117-182-0-8 vce-post-grid-with-box-description-position--right\"><h3 class=\"vce-post-grid-with-box-title vce-post-grid-with-box--title-color-b-255-255-255 vce-post-description--background-color-ba-46-117-182-0-8\">High Tesla Sources and Magnets<\/h3><\/div><\/div><\/div><\/div><\/div><div class=\"vce-posts-grid-item\"><div class=\"vce-post-description vce-post-description--full vce-post-description--excerpt-color-b-255-255-255 vce-post-grid-with-box-aspect-ratio--3-4\"><div class=\"vce-post-grid-with-box--content\" style=\"background-image:url(https:\/\/httsa.com\/wp-content\/uploads\/2023\/01\/High-_Tesla-_Systems.jpg)\"><a href=\"https:\/\/httsa.com\/fr\/technologies\/high-tesla-systems\/\" class=\"vce-post-grid-with-box--link\" aria-label=\"High  Tesla  Systems\"><\/a><div class=\"vce-post-grid-with-box\"><div class=\"vce-post-grid-with-box-description vce-post-description--background-color-ba-46-117-182-0-8 vce-post-grid-with-box-description-position--right\"><h3 class=\"vce-post-grid-with-box-title vce-post-grid-with-box--title-color-b-255-255-255 vce-post-description--background-color-ba-46-117-182-0-8\">High  Tesla  Systems<\/h3><\/div><\/div><\/div><\/div><\/div><div class=\"vce-posts-grid-item\"><div class=\"vce-post-description vce-post-description--full vce-post-description--excerpt-color-b-255-255-255 vce-post-grid-with-box-aspect-ratio--3-4\"><div class=\"vce-post-grid-with-box--content\" style=\"background-image:url(https:\/\/httsa.com\/wp-content\/uploads\/2023\/01\/Magneticrefrigeration-devices.png)\"><a href=\"https:\/\/httsa.com\/fr\/technologies\/magnetic-refrigeration-devices\/\" class=\"vce-post-grid-with-box--link\" aria-label=\"Magnetic refrigeration devices\"><\/a><div class=\"vce-post-grid-with-box\"><div class=\"vce-post-grid-with-box-description vce-post-description--background-color-ba-46-117-182-0-8 vce-post-grid-with-box-description-position--right\"><h3 class=\"vce-post-grid-with-box-title vce-post-grid-with-box--title-color-b-255-255-255 vce-post-description--background-color-ba-46-117-182-0-8\">Magnetic refrigeration devices<\/h3><\/div><\/div><\/div><\/div><\/div><\/div><\/div><\/div><\/div><\/div><\/div><\/div><\/div><\/div><div class=\"vce-row-container\" data-vce-boxed-width=\"true\"><div class=\"vce-row vce-row--col-gap-30 vce-row-equal-height vce-row-content--top\" id=\"el-39794462\" data-vce-do-apply=\"all el-39794462\"><div class=\"vce-row-content\" data-vce-element-content=\"true\"><div class=\"vce-col vce-col--md-auto vce-col--xs-1 vce-col--xs-last vce-col--xs-first vce-col--sm-last vce-col--sm-first vce-col--md-last vce-col--lg-last vce-col--xl-last vce-col--md-first vce-col--lg-first vce-col--xl-first\" id=\"el-c78ce5fb\"><div class=\"vce-col-inner\" data-vce-do-apply=\"border margin background  el-c78ce5fb\"><div class=\"vce-col-content\" data-vce-element-content=\"true\" data-vce-do-apply=\"padding el-c78ce5fb\"><div class=\"vce-text-block mt-80 mb-80\"><div class=\"vce-text-block-wrapper vce\" id=\"el-54ef215e\" data-vce-do-apply=\"all el-54ef215e\"><h3 style=\"text-align: center;\">\"...capacit\u00e9 de simuler, avec pr\u00e9cision, des circuits magn\u00e9tiques puissants fonctionnant sans consommation d\u2019\u00e9nergie\"<\/h3><\/div><\/div><\/div><\/div><\/div><\/div><\/div><\/div>\n","protected":false},"excerpt":{"rendered":"","protected":false},"author":1,"featured_media":0,"parent":0,"menu_order":0,"comment_status":"closed","ping_status":"closed","template":"","meta":{"footnotes":""},"class_list":["post-8","page","type-page","status-publish","hentry"],"_links":{"self":[{"href":"https:\/\/httsa.com\/fr\/wp-json\/wp\/v2\/pages\/8","targetHints":{"allow":["GET"]}}],"collection":[{"href":"https:\/\/httsa.com\/fr\/wp-json\/wp\/v2\/pages"}],"about":[{"href":"https:\/\/httsa.com\/fr\/wp-json\/wp\/v2\/types\/page"}],"author":[{"embeddable":true,"href":"https:\/\/httsa.com\/fr\/wp-json\/wp\/v2\/users\/1"}],"replies":[{"embeddable":true,"href":"https:\/\/httsa.com\/fr\/wp-json\/wp\/v2\/comments?post=8"}],"version-history":[{"count":45,"href":"https:\/\/httsa.com\/fr\/wp-json\/wp\/v2\/pages\/8\/revisions"}],"predecessor-version":[{"id":233,"href":"https:\/\/httsa.com\/fr\/wp-json\/wp\/v2\/pages\/8\/revisions\/233"}],"wp:attachment":[{"href":"https:\/\/httsa.com\/fr\/wp-json\/wp\/v2\/media?parent=8"}],"curies":[{"name":"wp","href":"https:\/\/api.w.org\/{rel}","templated":true}]}}